{"id":16,"date":"2024-01-22T18:45:42","date_gmt":"2024-01-22T18:45:42","guid":{"rendered":"https:\/\/beta.lebonplant.com\/?page_id=16"},"modified":"2026-01-15T15:10:13","modified_gmt":"2026-01-15T13:10:13","slug":"home","status":"publish","type":"page","link":"https:\/\/lebonplant.com\/","title":{"rendered":"home"},"content":{"rendered":"\t\t<div data-elementor-type=\"wp-page\" data-elementor-id=\"16\" class=\"elementor elementor-16\">\n\t\t\t\t<div class=\"elementor-element elementor-element-12ffdf1 e-flex e-con-boxed e-con e-parent\" data-id=\"12ffdf1\" data-element_type=\"container\" data-e-type=\"container\">\n\t\t\t\t\t<div class=\"e-con-inner\">\n\t\t<div class=\"elementor-element elementor-element-3236941 e-flex e-con-boxed e-con e-child\" data-id=\"3236941\" data-element_type=\"container\" data-e-type=\"container\">\n\t\t\t\t\t<div class=\"e-con-inner\">\n\t\t\t\t<div class=\"elementor-element elementor-element-33cc795 elementor-arrows-position-inside elementor-pagination-position-outside elementor-widget elementor-widget-image-carousel\" data-id=\"33cc795\" data-element_type=\"widget\" data-e-type=\"widget\" data-settings=\"{&quot;slides_to_show&quot;:&quot;4&quot;,&quot;navigation&quot;:&quot;both&quot;,&quot;autoplay&quot;:&quot;yes&quot;,&quot;pause_on_hover&quot;:&quot;yes&quot;,&quot;pause_on_interaction&quot;:&quot;yes&quot;,&quot;autoplay_speed&quot;:5000,&quot;infinite&quot;:&quot;yes&quot;,&quot;speed&quot;:500,&quot;image_spacing_custom&quot;:{&quot;unit&quot;:&quot;px&quot;,&quot;size&quot;:20,&quot;sizes&quot;:[]},&quot;image_spacing_custom_tablet&quot;:{&quot;unit&quot;:&quot;px&quot;,&quot;size&quot;:&quot;&quot;,&quot;sizes&quot;:[]},&quot;image_spacing_custom_mobile&quot;:{&quot;unit&quot;:&quot;px&quot;,&quot;size&quot;:&quot;&quot;,&quot;sizes&quot;:[]}}\" data-widget_type=\"image-carousel.default\">\n\t\t\t\t<div class=\"elementor-widget-container\">\n\t\t\t\t\t\t\t<div class=\"elementor-image-carousel-wrapper swiper\" role=\"region\" aria-roledescription=\"carousel\" aria-label=\"Image Carousel\" dir=\"ltr\">\n\t\t\t<div class=\"elementor-image-carousel swiper-wrapper\" aria-live=\"off\">\n\t\t\t\t\t\t\t\t<div class=\"swiper-slide\" role=\"group\" aria-roledescription=\"slide\" aria-label=\"1 of 5\"><figure class=\"swiper-slide-inner\"><img decoding=\"async\" class=\"swiper-slide-image\" src=\"https:\/\/lebonplant.com\/wp-content\/uploads\/2024\/01\/fruit-3215625_1920-om4ks1rz279f3axyj83v9pm6rrvviokhuzx4mhvfns.jpg\" alt=\"fruit-3215625_1920-om4ks1rz279f3axyj83v9pm6rrvviokhuzx4mhvfns\" \/><\/figure><\/div><div class=\"swiper-slide\" role=\"group\" aria-roledescription=\"slide\" aria-label=\"2 of 5\"><figure class=\"swiper-slide-inner\"><img decoding=\"async\" class=\"swiper-slide-image\" src=\"https:\/\/lebonplant.com\/wp-content\/uploads\/2024\/01\/farm-farming-fruits-39511-2-scaled-om4kr4vmf00dsy9qvbvxcfx1zae119xw2h34tt87pk.jpg\" alt=\"farm-farming-fruits-39511-2-scaled-om4kr4vmf00dsy9qvbvxcfx1zae119xw2h34tt87pk\" \/><\/figure><\/div><div class=\"swiper-slide\" role=\"group\" aria-roledescription=\"slide\" aria-label=\"3 of 5\"><figure class=\"swiper-slide-inner\"><img decoding=\"async\" class=\"swiper-slide-image\" src=\"https:\/\/lebonplant.com\/wp-content\/uploads\/2024\/01\/clouds-cropland-dawn-1277181-scaled-om4kr149nnv8iif7ha9f2gv7lqwk6hiypyh6wpdseg.jpg\" alt=\"clouds-cropland-dawn-1277181-scaled-om4kr149nnv8iif7ha9f2gv7lqwk6hiypyh6wpdseg\" \/><\/figure><\/div><div class=\"swiper-slide\" role=\"group\" aria-roledescription=\"slide\" aria-label=\"4 of 5\"><figure class=\"swiper-slide-inner\"><img decoding=\"async\" class=\"swiper-slide-image\" src=\"https:\/\/lebonplant.com\/wp-content\/uploads\/2024\/01\/876251-scaled-om4l1kv2cqb2sz3lvuep1t1flewuk7eiu61cshqqko.jpg\" alt=\"876251-scaled-om4l1kv2cqb2sz3lvuep1t1flewuk7eiu61cshqqko\" \/><\/figure><\/div><div class=\"swiper-slide\" role=\"group\" aria-roledescription=\"slide\" aria-label=\"5 of 5\"><figure class=\"swiper-slide-inner\"><img decoding=\"async\" class=\"swiper-slide-image\" src=\"https:\/\/lebonplant.com\/wp-content\/uploads\/2024\/01\/SNC11242-gew1-om4krsdl5uwjv7bm241lkrzktx67dpj6hpe9tq9de0.jpg\" alt=\"SNC11242-gew1-om4krsdl5uwjv7bm241lkrzktx67dpj6hpe9tq9de0\" \/><\/figure><\/div>\t\t\t<\/div>\n\t\t\t\t\t\t\t\t\t\t\t\t<div class=\"elementor-swiper-button elementor-swiper-button-prev\" role=\"button\" tabindex=\"0\">\n\t\t\t\t\t\t<svg aria-hidden=\"true\" class=\"e-font-icon-svg e-eicon-chevron-left\" viewBox=\"0 0 1000 1000\" xmlns=\"http:\/\/www.w3.org\/2000\/svg\"><path d=\"M646 125C629 125 613 133 604 142L308 442C296 454 292 471 292 487 292 504 296 521 308 533L604 854C617 867 629 875 646 875 663 875 679 871 692 858 704 846 713 829 713 812 713 796 708 779 692 767L438 487 692 225C700 217 708 204 708 187 708 171 704 154 692 142 675 129 663 125 646 125Z\"><\/path><\/svg>\t\t\t\t\t<\/div>\n\t\t\t\t\t<div class=\"elementor-swiper-button elementor-swiper-button-next\" role=\"button\" tabindex=\"0\">\n\t\t\t\t\t\t<svg aria-hidden=\"true\" class=\"e-font-icon-svg e-eicon-chevron-right\" viewBox=\"0 0 1000 1000\" xmlns=\"http:\/\/www.w3.org\/2000\/svg\"><path d=\"M696 533C708 521 713 504 713 487 713 471 708 454 696 446L400 146C388 133 375 125 354 125 338 125 325 129 313 142 300 154 292 171 292 187 292 204 296 221 308 233L563 492 304 771C292 783 288 800 288 817 288 833 296 850 308 863 321 871 338 875 354 875 371 875 388 867 400 854L696 533Z\"><\/path><\/svg>\t\t\t\t\t<\/div>\n\t\t\t\t\n\t\t\t\t\t\t\t\t\t<div class=\"swiper-pagination\"><\/div>\n\t\t\t\t\t\t\t\t\t<\/div>\n\t\t\t\t\t\t<\/div>\n\t\t\t\t<\/div>\n\t\t\t\t\t<\/div>\n\t\t\t\t<\/div>\n\t\t\t\t\t<\/div>\n\t\t\t\t<\/div>\n\t\t<div class=\"elementor-element elementor-element-88e7f03 e-flex e-con-boxed e-con e-parent\" data-id=\"88e7f03\" data-element_type=\"container\" data-e-type=\"container\">\n\t\t\t\t\t<div class=\"e-con-inner\">\n\t\t<div class=\"elementor-element elementor-element-799147f e-con-full e-flex e-con e-child\" data-id=\"799147f\" data-element_type=\"container\" data-e-type=\"container\">\n\t\t\t\t<div class=\"elementor-element elementor-element-b8b1691 elementor-widget elementor-widget-image\" data-id=\"b8b1691\" data-element_type=\"widget\" data-e-type=\"widget\" data-widget_type=\"image.default\">\n\t\t\t\t<div class=\"elementor-widget-container\">\n\t\t\t\t\t\t\t\t\t\t\t\t\t\t\t<img fetchpriority=\"high\" decoding=\"async\" width=\"1024\" height=\"1024\" src=\"https:\/\/lebonplant.com\/wp-content\/uploads\/2024\/01\/ppplbp-1024x1024-2.png\" class=\"attachment-large size-large wp-image-14\" alt=\"\" srcset=\"https:\/\/lebonplant.com\/wp-content\/uploads\/2024\/01\/ppplbp-1024x1024-2.png 1024w, https:\/\/lebonplant.com\/wp-content\/uploads\/2024\/01\/ppplbp-1024x1024-2-300x300.png 300w, https:\/\/lebonplant.com\/wp-content\/uploads\/2024\/01\/ppplbp-1024x1024-2-150x150.png 150w, https:\/\/lebonplant.com\/wp-content\/uploads\/2024\/01\/ppplbp-1024x1024-2-768x768.png 768w, https:\/\/lebonplant.com\/wp-content\/uploads\/2024\/01\/ppplbp-1024x1024-2-600x600.png 600w\" sizes=\"(max-width: 1024px) 100vw, 1024px\" \/>\t\t\t\t\t\t\t\t\t\t\t\t\t\t\t<\/div>\n\t\t\t\t<\/div>\n\t\t\t\t<\/div>\n\t\t<div class=\"elementor-element elementor-element-48d57b7 e-con-full e-flex e-con e-child\" data-id=\"48d57b7\" data-element_type=\"container\" data-e-type=\"container\">\n\t\t\t\t<div class=\"elementor-element elementor-element-e59188b elementor-widget elementor-widget-heading\" data-id=\"e59188b\" data-element_type=\"widget\" data-e-type=\"widget\" data-widget_type=\"heading.default\">\n\t\t\t\t<div class=\"elementor-widget-container\">\n\t\t\t\t\t<h2 class=\"elementor-heading-title elementor-size-default\">P\u00c9PINI\u00c8RES VITICOLES SCHAFFNER LE BON PLANT<\/h2>\t\t\t\t<\/div>\n\t\t\t\t<\/div>\n\t\t\t\t<div class=\"elementor-element elementor-element-60082bc elementor-widget-divider--view-line elementor-widget elementor-widget-divider\" data-id=\"60082bc\" data-element_type=\"widget\" data-e-type=\"widget\" data-widget_type=\"divider.default\">\n\t\t\t\t<div class=\"elementor-widget-container\">\n\t\t\t\t\t\t\t<div class=\"elementor-divider\">\n\t\t\t<span class=\"elementor-divider-separator\">\n\t\t\t\t\t\t<\/span>\n\t\t<\/div>\n\t\t\t\t\t\t<\/div>\n\t\t\t\t<\/div>\n\t\t\t\t<div class=\"elementor-element elementor-element-fcf1d78 elementor-widget elementor-widget-text-editor\" data-id=\"fcf1d78\" data-element_type=\"widget\" data-e-type=\"widget\" data-widget_type=\"text-editor.default\">\n\t\t\t\t<div class=\"elementor-widget-container\">\n\t\t\t\t\t\t\t\t\t<div id=\"comp-jcu8dsxl\" class=\"txtNew\" data-packed=\"true\"><h4 class=\"font_6\"><span class=\"color_11\">Viticulteur et \u00e9laborateur de plants de vigne<\/span><\/h4><\/div><div id=\"comp-jculuf8m\" class=\"txtNew\" data-packed=\"true\"><p class=\"font_8\"><span class=\"color_11\">Adh\u00e9rent \u00e0 la marque ENTAV-INRA<\/span><\/p><\/div><p>Nous \u00e9laborons des plants de vigne de qualit\u00e9 pour les viticulteurs Alsaciens et Europ\u00e9ens qui souhaitent p\u00e9renniser leur vignoble.<\/p><p>Nous vous proposons un ensemble de plants de vigne de taille traditionnelle (30 cm), demi-tige (55cm) et haute-tige (80 cm), piquets tuteurs, manchons, support de culture (Mycomix).<br \/>Consultez nos\u00a0<a href=\"https:\/\/lebonplant.com\/wp-content\/uploads\/2025\/09\/Assemblages-2026.pdf\">assemblages 2026<\/a>\u00a0qui sauront r\u00e9pondre \u00e0 toutes vos exigences et s\u2019adapter \u00e0 vos terroirs.<\/p><p>Toutes les informations pour nous contacter se trouvent\u00a0<a href=\"https:\/\/lebonplant.com\/index.php\/contact\/\">ici.<\/a><br \/>N\u2019h\u00e9sitez pas \u00e0 nous retrouver \u00e9galement sur\u00a0<a href=\"https:\/\/www.facebook.com\/Pepiniere.schaffner\/\" rel=\"noreferrer\">Facebook<\/a><\/p>\t\t\t\t\t\t\t\t<\/div>\n\t\t\t\t<\/div>\n\t\t\t\t<\/div>\n\t\t\t\t\t<\/div>\n\t\t\t\t<\/div>\n\t\t<div class=\"elementor-element elementor-element-d144d79 e-flex e-con-boxed e-con e-parent\" data-id=\"d144d79\" data-element_type=\"container\" data-e-type=\"container\">\n\t\t\t\t\t<div class=\"e-con-inner\">\n\t\t\t\t<div class=\"elementor-element elementor-element-52d2faf elementor-widget elementor-widget-heading\" data-id=\"52d2faf\" data-element_type=\"widget\" data-e-type=\"widget\" data-widget_type=\"heading.default\">\n\t\t\t\t<div class=\"elementor-widget-container\">\n\t\t\t\t\t<h2 class=\"elementor-heading-title elementor-size-default\">Quelques vid\u00e9os pour d\u00e9couvrir notre p\u00e9pini\u00e8re viticole !\n<\/h2>\t\t\t\t<\/div>\n\t\t\t\t<\/div>\n\t\t\t\t\t<\/div>\n\t\t\t\t<\/div>\n\t\t<div class=\"elementor-element elementor-element-80d8000 e-flex e-con-boxed e-con e-parent\" data-id=\"80d8000\" data-element_type=\"container\" data-e-type=\"container\">\n\t\t\t\t\t<div class=\"e-con-inner\">\n\t\t\t\t<div class=\"elementor-element elementor-element-13112f5 elementor-widget__width-initial elementor-widget-mobile__width-initial elementor-widget elementor-widget-video\" data-id=\"13112f5\" data-element_type=\"widget\" data-e-type=\"widget\" data-settings=\"{&quot;youtube_url&quot;:&quot;https:\\\/\\\/youtu.be\\\/4oUimmgzLIk&quot;,&quot;video_type&quot;:&quot;youtube&quot;,&quot;controls&quot;:&quot;yes&quot;}\" data-widget_type=\"video.default\">\n\t\t\t\t<div class=\"elementor-widget-container\">\n\t\t\t\t\t\t\t<div class=\"elementor-wrapper elementor-open-inline\">\n\t\t\t<div class=\"elementor-video\"><\/div>\t\t<\/div>\n\t\t\t\t\t\t<\/div>\n\t\t\t\t<\/div>\n\t\t\t\t<div class=\"elementor-element elementor-element-a592c18 elementor-widget elementor-widget-heading\" data-id=\"a592c18\" data-element_type=\"widget\" data-e-type=\"widget\" data-widget_type=\"heading.default\">\n\t\t\t\t<div class=\"elementor-widget-container\">\n\t\t\t\t\t<h2 class=\"elementor-heading-title elementor-size-default\">PHR : R\u00e9colte de plants de vignes, Schaffner et Fils (Alsace)<\/h2>\t\t\t\t<\/div>\n\t\t\t\t<\/div>\n\t\t\t\t\t<\/div>\n\t\t\t\t<\/div>\n\t\t<div class=\"elementor-element elementor-element-d1be4dd e-flex e-con-boxed e-con e-parent\" data-id=\"d1be4dd\" data-element_type=\"container\" data-e-type=\"container\">\n\t\t\t\t\t<div class=\"e-con-inner\">\n\t\t\t\t<div class=\"elementor-element elementor-element-3191476 elementor-widget__width-initial elementor-widget-mobile__width-initial elementor-widget elementor-widget-video\" data-id=\"3191476\" data-element_type=\"widget\" data-e-type=\"widget\" data-settings=\"{&quot;youtube_url&quot;:&quot;https:\\\/\\\/youtu.be\\\/YLlDGLt66UY&quot;,&quot;video_type&quot;:&quot;youtube&quot;,&quot;controls&quot;:&quot;yes&quot;}\" data-widget_type=\"video.default\">\n\t\t\t\t<div class=\"elementor-widget-container\">\n\t\t\t\t\t\t\t<div class=\"elementor-wrapper elementor-open-inline\">\n\t\t\t<div class=\"elementor-video\"><\/div>\t\t<\/div>\n\t\t\t\t\t\t<\/div>\n\t\t\t\t<\/div>\n\t\t\t\t<div class=\"elementor-element elementor-element-8f1426d elementor-widget elementor-widget-heading\" data-id=\"8f1426d\" data-element_type=\"widget\" data-e-type=\"widget\" data-widget_type=\"heading.default\">\n\t\t\t\t<div class=\"elementor-widget-container\">\n\t\t\t\t\t<h2 class=\"elementor-heading-title elementor-size-default\">Pr\u00e9sentation de la p\u00e9pini\u00e8re viticole Schaffner et Fils (Alsace)<\/h2>\t\t\t\t<\/div>\n\t\t\t\t<\/div>\n\t\t\t\t\t<\/div>\n\t\t\t\t<\/div>\n\t\t\t\t<\/div>\n\t\t","protected":false},"excerpt":{"rendered":"<p>P\u00c9PINI\u00c8RES VITICOLES SCHAFFNER LE BON PLANT Viticulteur et \u00e9laborateur de plants de vigne Adh\u00e9rent \u00e0 la marque ENTAV-INRA Nous \u00e9laborons des plants de vigne de qualit\u00e9 pour les viticulteurs Alsaciens et Europ\u00e9ens qui souhaitent p\u00e9renniser leur vignoble. Nous vous proposons un ensemble de plants de vigne de taille traditionnelle (30 cm), demi-tige (55cm) et haute-tige [&hellip;]<\/p>\n","protected":false},"author":1,"featured_media":0,"parent":0,"menu_order":0,"comment_status":"closed","ping_status":"closed","template":"","meta":{"footnotes":""},"class_list":["post-16","page","type-page","status-publish","hentry","entry"],"_links":{"self":[{"href":"https:\/\/lebonplant.com\/index.php\/wp-json\/wp\/v2\/pages\/16","targetHints":{"allow":["GET"]}}],"collection":[{"href":"https:\/\/lebonplant.com\/index.php\/wp-json\/wp\/v2\/pages"}],"about":[{"href":"https:\/\/lebonplant.com\/index.php\/wp-json\/wp\/v2\/types\/page"}],"author":[{"embeddable":true,"href":"https:\/\/lebonplant.com\/index.php\/wp-json\/wp\/v2\/users\/1"}],"replies":[{"embeddable":true,"href":"https:\/\/lebonplant.com\/index.php\/wp-json\/wp\/v2\/comments?post=16"}],"version-history":[{"count":47,"href":"https:\/\/lebonplant.com\/index.php\/wp-json\/wp\/v2\/pages\/16\/revisions"}],"predecessor-version":[{"id":298,"href":"https:\/\/lebonplant.com\/index.php\/wp-json\/wp\/v2\/pages\/16\/revisions\/298"}],"wp:attachment":[{"href":"https:\/\/lebonplant.com\/index.php\/wp-json\/wp\/v2\/media?parent=16"}],"curies":[{"name":"wp","href":"https:\/\/api.w.org\/{rel}","templated":true}]}}