{"id":105,"date":"2024-01-22T19:56:10","date_gmt":"2024-01-22T19:56:10","guid":{"rendered":"https:\/\/beta.lebonplant.com\/?page_id=105"},"modified":"2024-01-22T19:59:19","modified_gmt":"2024-01-22T19:59:19","slug":"conseils","status":"publish","type":"page","link":"https:\/\/lebonplant.com\/index.php\/conseils\/","title":{"rendered":"Conseils"},"content":{"rendered":"\t\t<div data-elementor-type=\"wp-page\" data-elementor-id=\"105\" class=\"elementor elementor-105\">\n\t\t\t\t<div class=\"elementor-element elementor-element-12ffdf1 e-flex e-con-boxed e-con e-parent\" data-id=\"12ffdf1\" data-element_type=\"container\" data-e-type=\"container\">\n\t\t\t\t\t<div class=\"e-con-inner\">\n\t\t<div class=\"elementor-element elementor-element-3236941 e-flex e-con-boxed e-con e-child\" data-id=\"3236941\" data-element_type=\"container\" data-e-type=\"container\">\n\t\t\t\t\t<div class=\"e-con-inner\">\n\t\t\t\t<div class=\"elementor-element elementor-element-33cc795 elementor-arrows-position-inside elementor-pagination-position-outside elementor-widget elementor-widget-image-carousel\" data-id=\"33cc795\" data-element_type=\"widget\" data-e-type=\"widget\" data-settings=\"{&quot;slides_to_show&quot;:&quot;4&quot;,&quot;navigation&quot;:&quot;both&quot;,&quot;autoplay&quot;:&quot;yes&quot;,&quot;pause_on_hover&quot;:&quot;yes&quot;,&quot;pause_on_interaction&quot;:&quot;yes&quot;,&quot;autoplay_speed&quot;:5000,&quot;infinite&quot;:&quot;yes&quot;,&quot;speed&quot;:500,&quot;image_spacing_custom&quot;:{&quot;unit&quot;:&quot;px&quot;,&quot;size&quot;:20,&quot;sizes&quot;:[]},&quot;image_spacing_custom_tablet&quot;:{&quot;unit&quot;:&quot;px&quot;,&quot;size&quot;:&quot;&quot;,&quot;sizes&quot;:[]},&quot;image_spacing_custom_mobile&quot;:{&quot;unit&quot;:&quot;px&quot;,&quot;size&quot;:&quot;&quot;,&quot;sizes&quot;:[]}}\" data-widget_type=\"image-carousel.default\">\n\t\t\t\t<div class=\"elementor-widget-container\">\n\t\t\t\t\t\t\t<div class=\"elementor-image-carousel-wrapper swiper\" role=\"region\" aria-roledescription=\"carousel\" aria-label=\"Image Carousel\" dir=\"ltr\">\n\t\t\t<div class=\"elementor-image-carousel swiper-wrapper\" aria-live=\"off\">\n\t\t\t\t\t\t\t\t<div class=\"swiper-slide\" role=\"group\" aria-roledescription=\"slide\" aria-label=\"1 of 5\"><figure class=\"swiper-slide-inner\"><img decoding=\"async\" class=\"swiper-slide-image\" src=\"https:\/\/lebonplant.com\/wp-content\/uploads\/2024\/01\/fruit-3215625_1920-om4ks1rz279f3axyj83v9pm6rrvviokhuzx4mhvfns.jpg\" alt=\"fruit-3215625_1920-om4ks1rz279f3axyj83v9pm6rrvviokhuzx4mhvfns\" \/><\/figure><\/div><div class=\"swiper-slide\" role=\"group\" aria-roledescription=\"slide\" aria-label=\"2 of 5\"><figure class=\"swiper-slide-inner\"><img decoding=\"async\" class=\"swiper-slide-image\" src=\"https:\/\/lebonplant.com\/wp-content\/uploads\/2024\/01\/farm-farming-fruits-39511-2-scaled-om4kr4vmf00dsy9qvbvxcfx1zae119xw2h34tt87pk.jpg\" alt=\"farm-farming-fruits-39511-2-scaled-om4kr4vmf00dsy9qvbvxcfx1zae119xw2h34tt87pk\" \/><\/figure><\/div><div class=\"swiper-slide\" role=\"group\" aria-roledescription=\"slide\" aria-label=\"3 of 5\"><figure class=\"swiper-slide-inner\"><img decoding=\"async\" class=\"swiper-slide-image\" src=\"https:\/\/lebonplant.com\/wp-content\/uploads\/2024\/01\/clouds-cropland-dawn-1277181-scaled-om4kr149nnv8iif7ha9f2gv7lqwk6hiypyh6wpdseg.jpg\" alt=\"clouds-cropland-dawn-1277181-scaled-om4kr149nnv8iif7ha9f2gv7lqwk6hiypyh6wpdseg\" \/><\/figure><\/div><div class=\"swiper-slide\" role=\"group\" aria-roledescription=\"slide\" aria-label=\"4 of 5\"><figure class=\"swiper-slide-inner\"><img decoding=\"async\" class=\"swiper-slide-image\" src=\"https:\/\/lebonplant.com\/wp-content\/uploads\/2024\/01\/876251-scaled-om4l1kv2cqb2sz3lvuep1t1flewuk7eiu61cshqqko.jpg\" alt=\"876251-scaled-om4l1kv2cqb2sz3lvuep1t1flewuk7eiu61cshqqko\" \/><\/figure><\/div><div class=\"swiper-slide\" role=\"group\" aria-roledescription=\"slide\" aria-label=\"5 of 5\"><figure class=\"swiper-slide-inner\"><img decoding=\"async\" class=\"swiper-slide-image\" src=\"https:\/\/lebonplant.com\/wp-content\/uploads\/2024\/01\/SNC11242-gew1-om4krsdl5uwjv7bm241lkrzktx67dpj6hpe9tq9de0.jpg\" alt=\"SNC11242-gew1-om4krsdl5uwjv7bm241lkrzktx67dpj6hpe9tq9de0\" \/><\/figure><\/div>\t\t\t<\/div>\n\t\t\t\t\t\t\t\t\t\t\t\t<div class=\"elementor-swiper-button elementor-swiper-button-prev\" role=\"button\" tabindex=\"0\">\n\t\t\t\t\t\t<svg aria-hidden=\"true\" class=\"e-font-icon-svg e-eicon-chevron-left\" viewBox=\"0 0 1000 1000\" xmlns=\"http:\/\/www.w3.org\/2000\/svg\"><path d=\"M646 125C629 125 613 133 604 142L308 442C296 454 292 471 292 487 292 504 296 521 308 533L604 854C617 867 629 875 646 875 663 875 679 871 692 858 704 846 713 829 713 812 713 796 708 779 692 767L438 487 692 225C700 217 708 204 708 187 708 171 704 154 692 142 675 129 663 125 646 125Z\"><\/path><\/svg>\t\t\t\t\t<\/div>\n\t\t\t\t\t<div class=\"elementor-swiper-button elementor-swiper-button-next\" role=\"button\" tabindex=\"0\">\n\t\t\t\t\t\t<svg aria-hidden=\"true\" class=\"e-font-icon-svg e-eicon-chevron-right\" viewBox=\"0 0 1000 1000\" xmlns=\"http:\/\/www.w3.org\/2000\/svg\"><path d=\"M696 533C708 521 713 504 713 487 713 471 708 454 696 446L400 146C388 133 375 125 354 125 338 125 325 129 313 142 300 154 292 171 292 187 292 204 296 221 308 233L563 492 304 771C292 783 288 800 288 817 288 833 296 850 308 863 321 871 338 875 354 875 371 875 388 867 400 854L696 533Z\"><\/path><\/svg>\t\t\t\t\t<\/div>\n\t\t\t\t\n\t\t\t\t\t\t\t\t\t<div class=\"swiper-pagination\"><\/div>\n\t\t\t\t\t\t\t\t\t<\/div>\n\t\t\t\t\t\t<\/div>\n\t\t\t\t<\/div>\n\t\t\t\t\t<\/div>\n\t\t\t\t<\/div>\n\t\t\t\t\t<\/div>\n\t\t\t\t<\/div>\n\t\t<div class=\"elementor-element elementor-element-d144d79 e-flex e-con-boxed e-con e-parent\" data-id=\"d144d79\" data-element_type=\"container\" data-e-type=\"container\">\n\t\t\t\t\t<div class=\"e-con-inner\">\n\t\t\t\t<div class=\"elementor-element elementor-element-8f1426d elementor-widget elementor-widget-heading\" data-id=\"8f1426d\" data-element_type=\"widget\" data-e-type=\"widget\" data-widget_type=\"heading.default\">\n\t\t\t\t<div class=\"elementor-widget-container\">\n\t\t\t\t\t<h2 class=\"elementor-heading-title elementor-size-default\">Plantation de la vigne\n<\/h2>\t\t\t\t<\/div>\n\t\t\t\t<\/div>\n\t\t\t\t<div class=\"elementor-element elementor-element-a0d4878 elementor-widget elementor-widget-text-editor\" data-id=\"a0d4878\" data-element_type=\"widget\" data-e-type=\"widget\" data-widget_type=\"text-editor.default\">\n\t\t\t\t<div class=\"elementor-widget-container\">\n\t\t\t\t\t\t\t\t\t<section class=\"elementor-section elementor-top-section elementor-element elementor-element-fe74760 elementor-section-boxed elementor-section-height-default elementor-section-height-default\" data-id=\"fe74760\" data-element_type=\"section\"><div class=\"elementor-container elementor-column-gap-default\"><div class=\"elementor-row\"><div class=\"elementor-column elementor-col-100 elementor-top-column elementor-element elementor-element-312e3c8\" data-id=\"312e3c8\" data-element_type=\"column\"><div class=\"elementor-column-wrap elementor-element-populated\"><div class=\"elementor-widget-wrap\"><div class=\"elementor-element elementor-element-3ee531e elementor-widget elementor-widget-text-editor\" data-id=\"3ee531e\" data-element_type=\"widget\" data-widget_type=\"text-editor.default\"><div class=\"elementor-widget-container\"><div class=\"elementor-text-editor elementor-clearfix\"><ul><li class=\"font_8\">Choisir un endroit ensoleill\u00e9, creuser un trou de 50 cm de profondeur et 30 cm de largeur.<\/li><li class=\"font_8\">Remplir le trou sur environ 20 cm avec de la terre v\u00e9g\u00e9tale ou du terreau.<\/li><li class=\"font_8\">Placer le plant de vigne au centre du trou et le refermer avec la m\u00eame terre v\u00e9g\u00e9tale ou du terreau. Les 4 premiers centim\u00e8tres du haut du plant\u00a0\u00a0\u00a0 doivent d\u00e9passer le niveau du sol (cf sch\u00e9ma).<\/li><li class=\"font_8\">Apporter 2 \u00e0 3 litres d\u2019eau pour enlever toute poche d\u2019air et bien caler la terre contre le plant.<\/li><li class=\"font_8\">Planter un tuteur d\u2019environ 1,50 m\u00e8tres \u00e0 cot\u00e9 du plant. Il vous servira \u00e0 lier et diriger les pousses tout au long de leur croissance.<\/li><li class=\"font_8\">Les apports d\u2019engrais ou de compost ne sont pas obligatoires la premi\u00e8re ann\u00e9e.<\/li><\/ul><\/div><\/div><\/div><\/div><\/div><\/div><\/div><\/div><\/section>\t\t\t\t\t\t\t\t<\/div>\n\t\t\t\t<\/div>\n\t\t\t\t<div class=\"elementor-element elementor-element-81f4908 elementor-widget-divider--view-line elementor-widget elementor-widget-divider\" data-id=\"81f4908\" data-element_type=\"widget\" data-e-type=\"widget\" data-widget_type=\"divider.default\">\n\t\t\t\t<div class=\"elementor-widget-container\">\n\t\t\t\t\t\t\t<div class=\"elementor-divider\">\n\t\t\t<span class=\"elementor-divider-separator\">\n\t\t\t\t\t\t<\/span>\n\t\t<\/div>\n\t\t\t\t\t\t<\/div>\n\t\t\t\t<\/div>\n\t\t\t\t<div class=\"elementor-element elementor-element-4290b8b elementor-widget elementor-widget-heading\" data-id=\"4290b8b\" data-element_type=\"widget\" data-e-type=\"widget\" data-widget_type=\"heading.default\">\n\t\t\t\t<div class=\"elementor-widget-container\">\n\t\t\t\t\t<h2 class=\"elementor-heading-title elementor-size-default\">Entretien de la vigne<\/h2>\t\t\t\t<\/div>\n\t\t\t\t<\/div>\n\t\t\t\t<div class=\"elementor-element elementor-element-27c8e1e elementor-widget elementor-widget-text-editor\" data-id=\"27c8e1e\" data-element_type=\"widget\" data-e-type=\"widget\" data-widget_type=\"text-editor.default\">\n\t\t\t\t<div class=\"elementor-widget-container\">\n\t\t\t\t\t\t\t\t\t<ul><li class=\"font_8\">Enlever toutes les mauvaises herbes autour du jeune plant car elles concurrencent la vigne et limite sa croissance.<\/li><li class=\"font_8\">Arroser selon les besoins et la m\u00e9t\u00e9o. Le feuillage doit toujours \u00eatre bien vert.<\/li><li class=\"font_8\">Les apports d\u2019engrais ou de compost doivent \u00eatre amen\u00e9s \u00e0 la surface du sol. Ne jamais les mettre au contact des racines.<\/li><li class=\"font_8\">Peu ou pas de traitement fongique si vous avez plant\u00e9 des vignes \u00ab\u00a0tol\u00e9rantes\u00a0\u00bb (suivant la pluviom\u00e9trie estivale). Sinon un traitement au cuivre et au soufre tous les 10 jours entre fin mai et d\u00e9but ao\u00fbt.<\/li><\/ul>\t\t\t\t\t\t\t\t<\/div>\n\t\t\t\t<\/div>\n\t\t\t\t<div class=\"elementor-element elementor-element-a4a72cf elementor-widget-divider--view-line elementor-widget elementor-widget-divider\" data-id=\"a4a72cf\" data-element_type=\"widget\" data-e-type=\"widget\" data-widget_type=\"divider.default\">\n\t\t\t\t<div class=\"elementor-widget-container\">\n\t\t\t\t\t\t\t<div class=\"elementor-divider\">\n\t\t\t<span class=\"elementor-divider-separator\">\n\t\t\t\t\t\t<\/span>\n\t\t<\/div>\n\t\t\t\t\t\t<\/div>\n\t\t\t\t<\/div>\n\t\t\t\t<div class=\"elementor-element elementor-element-60b6082 elementor-widget elementor-widget-heading\" data-id=\"60b6082\" data-element_type=\"widget\" data-e-type=\"widget\" data-widget_type=\"heading.default\">\n\t\t\t\t<div class=\"elementor-widget-container\">\n\t\t\t\t\t<h2 class=\"elementor-heading-title elementor-size-default\">Taille de la vigne<\/h2>\t\t\t\t<\/div>\n\t\t\t\t<\/div>\n\t\t\t\t<div class=\"elementor-element elementor-element-421fd36 elementor-widget elementor-widget-text-editor\" data-id=\"421fd36\" data-element_type=\"widget\" data-e-type=\"widget\" data-widget_type=\"text-editor.default\">\n\t\t\t\t<div class=\"elementor-widget-container\">\n\t\t\t\t\t\t\t\t\t<p class=\"font_8\">Avant tout, il faut se souvenir que la vigne est une liane dont la croissance est continue.<\/p><p class=\"font_8\">Le principe de la taille consiste \u00e0 r\u00e9guler la croissance et le d\u00e9veloppement de la plante en raccourcissant les bois qui ont pouss\u00e9 pendant la p\u00e9riode v\u00e9g\u00e9tative. Il est possible de ne pas tailler la vigne mais cela vous conduit \u00e0 une production trop importante de bois par rapport \u00e0 la production de raisin.\u00a0Il peut en d\u00e9couler une baisse de la qualit\u00e9 des raisins.<\/p><p class=\"font_8\">La vigne se taille en hiver pendant sa p\u00e9riode de \u00ab\u00a0repos\u00a0\u00bb. De janvier \u00e0 fin mars.<\/p><p class=\"font_8\">C\u2019est le nombre de bourgeons laiss\u00e9 qui d\u00e9termine le nombre de grappes re\u00e7ues.<\/p><p class=\"font_8\">A noter que seuls les bourgeons situ\u00e9s sur le rameaux de l\u2019ann\u00e9e pr\u00e9c\u00e9dente donneront des fruits.<\/p>\t\t\t\t\t\t\t\t<\/div>\n\t\t\t\t<\/div>\n\t\t\t\t<div class=\"elementor-element elementor-element-51aea0f elementor-widget-divider--view-line elementor-widget elementor-widget-divider\" data-id=\"51aea0f\" data-element_type=\"widget\" data-e-type=\"widget\" data-widget_type=\"divider.default\">\n\t\t\t\t<div class=\"elementor-widget-container\">\n\t\t\t\t\t\t\t<div class=\"elementor-divider\">\n\t\t\t<span class=\"elementor-divider-separator\">\n\t\t\t\t\t\t<\/span>\n\t\t<\/div>\n\t\t\t\t\t\t<\/div>\n\t\t\t\t<\/div>\n\t\t\t\t<div class=\"elementor-element elementor-element-d834d32 elementor-widget elementor-widget-heading\" data-id=\"d834d32\" data-element_type=\"widget\" data-e-type=\"widget\" data-widget_type=\"heading.default\">\n\t\t\t\t<div class=\"elementor-widget-container\">\n\t\t\t\t\t<h2 class=\"elementor-heading-title elementor-size-default\">Les premiers hivers<\/h2>\t\t\t\t<\/div>\n\t\t\t\t<\/div>\n\t\t\t\t<div class=\"elementor-element elementor-element-f4b915f elementor-widget elementor-widget-text-editor\" data-id=\"f4b915f\" data-element_type=\"widget\" data-e-type=\"widget\" data-widget_type=\"text-editor.default\">\n\t\t\t\t<div class=\"elementor-widget-container\">\n\t\t\t\t\t\t\t\t\t<p class=\"font_8\">Le 1er hiver apr\u00e8s la plantation, vous conserverez la branche la plus forte et de cette derni\u00e8re vous ne laisserez que 2 ou 3 bourgeons.<\/p><p class=\"font_8\">Le 2e hiver vous garderez toujours la branche la plus vigoureuse et vous la couperez pour qu\u2019elle garde une longueur de 50 \u2013 60 cm environ.<\/p><p class=\"font_8\">Le 3e hiver vous conserverez la branche la plus vigoureuse et la plus \u00ab\u00a0droite\u00a0\u00bb et vous lui laisserez une longueur de 1,80 \u00e0 2 m\u00e8tres.<\/p>\t\t\t\t\t\t\t\t<\/div>\n\t\t\t\t<\/div>\n\t\t\t\t<div class=\"elementor-element elementor-element-946637a elementor-widget-divider--view-line elementor-widget elementor-widget-divider\" data-id=\"946637a\" data-element_type=\"widget\" data-e-type=\"widget\" data-widget_type=\"divider.default\">\n\t\t\t\t<div class=\"elementor-widget-container\">\n\t\t\t\t\t\t\t<div class=\"elementor-divider\">\n\t\t\t<span class=\"elementor-divider-separator\">\n\t\t\t\t\t\t<\/span>\n\t\t<\/div>\n\t\t\t\t\t\t<\/div>\n\t\t\t\t<\/div>\n\t\t\t\t<div class=\"elementor-element elementor-element-d65572e elementor-widget elementor-widget-heading\" data-id=\"d65572e\" data-element_type=\"widget\" data-e-type=\"widget\" data-widget_type=\"heading.default\">\n\t\t\t\t<div class=\"elementor-widget-container\">\n\t\t\t\t\t<h2 class=\"elementor-heading-title elementor-size-default\">Taille traditionnelle<\/h2>\t\t\t\t<\/div>\n\t\t\t\t<\/div>\n\t\t\t\t<div class=\"elementor-element elementor-element-7156834 elementor-widget elementor-widget-text-editor\" data-id=\"7156834\" data-element_type=\"widget\" data-e-type=\"widget\" data-widget_type=\"text-editor.default\">\n\t\t\t\t<div class=\"elementor-widget-container\">\n\t\t\t\t\t\t\t\t\t<section class=\"elementor-section elementor-top-section elementor-element elementor-element-c354e9b elementor-section-boxed elementor-section-height-default elementor-section-height-default\" data-id=\"c354e9b\" data-element_type=\"section\"><div class=\"elementor-container elementor-column-gap-default\"><div class=\"elementor-row\"><div class=\"elementor-column elementor-col-100 elementor-top-column elementor-element elementor-element-a82dea6\" data-id=\"a82dea6\" data-element_type=\"column\"><div class=\"elementor-column-wrap elementor-element-populated\"><div class=\"elementor-widget-wrap\"><div class=\"elementor-element elementor-element-ab454b8 elementor-widget elementor-widget-text-editor\" data-id=\"ab454b8\" data-element_type=\"widget\" data-widget_type=\"text-editor.default\"><div class=\"elementor-widget-container\"><div class=\"elementor-text-editor elementor-clearfix\"><p class=\"font_8\">Les hivers suivants, il faudra toujours raccourcir les bois qui ont pouss\u00e9 en ne laissant que deux branches au maximum.<\/p><p class=\"font_8\">Pour les vignes en treille, les pergola, ou si votre plant grimpe le long d\u2019un mur, il faut chaque hiver raccourcir les bois qui se sont\u00a0d\u00e9velopp\u00e9s. Par exemple, si votre vigne\u00a0a grandi d\u2019environ 2 m\u00e8tres, il faut raccourcir d\u2019un m\u00e8tre.<\/p><\/div><\/div><\/div><\/div><\/div><\/div><\/div><\/div><\/section><section class=\"elementor-section elementor-top-section elementor-element elementor-element-af90829 elementor-section-boxed elementor-section-height-default elementor-section-height-default\" data-id=\"af90829\" data-element_type=\"section\"><div class=\"elementor-container elementor-column-gap-default\"><div class=\"elementor-row\"><div class=\"elementor-column elementor-col-100 elementor-top-column elementor-element elementor-element-6a1cc81\" data-id=\"6a1cc81\" data-element_type=\"column\"><div class=\"elementor-column-wrap\">\u00a0<\/div><\/div><\/div><\/div><\/section>\t\t\t\t\t\t\t\t<\/div>\n\t\t\t\t<\/div>\n\t\t\t\t\t<\/div>\n\t\t\t\t<\/div>\n\t\t\t\t<\/div>\n\t\t","protected":false},"excerpt":{"rendered":"<p>Plantation de la vigne Choisir un endroit ensoleill\u00e9, creuser un trou de 50 cm de profondeur et 30 cm de largeur. Remplir le trou sur environ 20 cm avec de la terre v\u00e9g\u00e9tale ou du terreau. Placer le plant de vigne au centre du trou et le refermer avec la m\u00eame terre v\u00e9g\u00e9tale ou du [&hellip;]<\/p>\n","protected":false},"author":1,"featured_media":0,"parent":0,"menu_order":0,"comment_status":"closed","ping_status":"closed","template":"","meta":{"footnotes":""},"class_list":["post-105","page","type-page","status-publish","hentry","entry"],"_links":{"self":[{"href":"https:\/\/lebonplant.com\/index.php\/wp-json\/wp\/v2\/pages\/105","targetHints":{"allow":["GET"]}}],"collection":[{"href":"https:\/\/lebonplant.com\/index.php\/wp-json\/wp\/v2\/pages"}],"about":[{"href":"https:\/\/lebonplant.com\/index.php\/wp-json\/wp\/v2\/types\/page"}],"author":[{"embeddable":true,"href":"https:\/\/lebonplant.com\/index.php\/wp-json\/wp\/v2\/users\/1"}],"replies":[{"embeddable":true,"href":"https:\/\/lebonplant.com\/index.php\/wp-json\/wp\/v2\/comments?post=105"}],"version-history":[{"count":4,"href":"https:\/\/lebonplant.com\/index.php\/wp-json\/wp\/v2\/pages\/105\/revisions"}],"predecessor-version":[{"id":109,"href":"https:\/\/lebonplant.com\/index.php\/wp-json\/wp\/v2\/pages\/105\/revisions\/109"}],"wp:attachment":[{"href":"https:\/\/lebonplant.com\/index.php\/wp-json\/wp\/v2\/media?parent=105"}],"curies":[{"name":"wp","href":"https:\/\/api.w.org\/{rel}","templated":true}]}}